{"id":350,"date":"2023-10-24T12:01:01","date_gmt":"2023-10-24T10:01:01","guid":{"rendered":"https:\/\/karenvourch.com\/?page_id=350"},"modified":"2026-03-13T11:41:18","modified_gmt":"2026-03-13T10:41:18","slug":"creations","status":"publish","type":"page","link":"https:\/\/karenvourch.com\/index.php\/projets\/creations\/","title":{"rendered":"Cr\u00e9ations"},"content":{"rendered":"\n<p class=\"has-large-font-size\"><strong>Sahar<\/strong><\/p>\n\n\n\n<div class=\"wp-block-columns is-layout-flex wp-container-core-columns-is-layout-9d6595d7 wp-block-columns-is-layout-flex\">\n<div class=\"wp-block-column is-layout-flow wp-block-column-is-layout-flow\" style=\"flex-basis:33.33%\">\n<figure class=\"wp-block-image size-large\"><img loading=\"lazy\" decoding=\"async\" width=\"1024\" height=\"683\" src=\"https:\/\/karenvourch.com\/wp-content\/uploads\/2025\/10\/DSC03885-1-1024x683.jpg\" alt=\"\" class=\"wp-image-549\" srcset=\"https:\/\/karenvourch.com\/wp-content\/uploads\/2025\/10\/DSC03885-1-1024x683.jpg 1024w, https:\/\/karenvourch.com\/wp-content\/uploads\/2025\/10\/DSC03885-1-300x200.jpg 300w, https:\/\/karenvourch.com\/wp-content\/uploads\/2025\/10\/DSC03885-1-768x512.jpg 768w, https:\/\/karenvourch.com\/wp-content\/uploads\/2025\/10\/DSC03885-1-1536x1024.jpg 1536w, https:\/\/karenvourch.com\/wp-content\/uploads\/2025\/10\/DSC03885-1-2048x1365.jpg 2048w, https:\/\/karenvourch.com\/wp-content\/uploads\/2025\/10\/DSC03885-1-450x300.jpg 450w\" sizes=\"auto, (max-width: 1024px) 100vw, 1024px\" \/><\/figure>\n<\/div>\n\n\n\n<div class=\"wp-block-column is-layout-flow wp-block-column-is-layout-flow\" style=\"flex-basis:66.66%\">\n<p>Sahar est une cr\u00e9ation r\u00e9unissant les sopranos Karen Vourc&#8217;h et Dima Bawab, autour de David Venitucci, accord\u00e9on et Mohannad Nasser, Oud. Croisement entre Ravel, Monteverdi, Poulenc, Mendelsohn, Duparc et des chants traditionnels arabes et yiddish.<\/p>\n\n\n\n<p>Cr\u00e9ation en 2026.<\/p>\n<\/div>\n<\/div>\n\n\n\n<p><\/p>\n\n\n\n<h2 class=\"wp-block-heading\">Schubert Ellington<\/h2>\n\n\n\n<div class=\"wp-block-columns is-layout-flex wp-container-core-columns-is-layout-9d6595d7 wp-block-columns-is-layout-flex\">\n<div class=\"wp-block-column is-layout-flow wp-block-column-is-layout-flow\" style=\"flex-basis:33.33%\">\n<figure class=\"wp-block-embed is-type-video is-provider-youtube wp-block-embed-youtube wp-embed-aspect-16-9 wp-has-aspect-ratio\"><div class=\"wp-block-embed__wrapper\">\n<iframe loading=\"lazy\" title=\"Teaser - Schubert\/Ellington - Vourc&#039;h - De Chassy - Savy - Rodde\" width=\"1032\" height=\"581\" src=\"https:\/\/www.youtube.com\/embed\/GvmvdyegO8Q?feature=oembed\" frameborder=\"0\" allow=\"accelerometer; autoplay; clipboard-write; encrypted-media; gyroscope; picture-in-picture; web-share\" referrerpolicy=\"strict-origin-when-cross-origin\" allowfullscreen><\/iframe>\n<\/div><figcaption class=\"wp-element-caption\">Teaser Schubert Ellington<\/figcaption><\/figure>\n<\/div>\n\n\n\n<div class=\"wp-block-column is-layout-flow wp-block-column-is-layout-flow\" style=\"flex-basis:66.66%\">\n<p>N\u00e9 d une amiti\u00e9 entre le pianiste de jazz <strong>Guillaume de Chassy<\/strong>, le clarinettiste <strong>Thomas Savy<\/strong>, et le violoncelliste <strong>Louis Rodde<\/strong>, ce programme m\u00eale musique classique, jazz et contemporaine, avec des improvisations instrumentales et vocales. <br><em>Un spectacle produit par La Belle Saison.&nbsp;<\/em><\/p>\n<\/div>\n<\/div>\n\n\n\n<hr class=\"wp-block-separator has-alpha-channel-opacity\"\/>\n\n\n\n<h2 class=\"wp-block-heading\">Medea<\/h2>\n\n\n\n<div class=\"wp-block-columns is-layout-flex wp-container-core-columns-is-layout-9d6595d7 wp-block-columns-is-layout-flex\">\n<div class=\"wp-block-column is-layout-flow wp-block-column-is-layout-flow\" style=\"flex-basis:33.33%\">\n<figure class=\"wp-block-embed is-type-video is-provider-youtube wp-block-embed-youtube wp-embed-aspect-16-9 wp-has-aspect-ratio\"><div class=\"wp-block-embed__wrapper\">\n<iframe loading=\"lazy\" title=\"Connesson\/Vourc&#039;h, Medea | Teaser\" width=\"1032\" height=\"581\" src=\"https:\/\/www.youtube.com\/embed\/XrZ21Kg6Mt0?feature=oembed\" frameborder=\"0\" allow=\"accelerometer; autoplay; clipboard-write; encrypted-media; gyroscope; picture-in-picture; web-share\" referrerpolicy=\"strict-origin-when-cross-origin\" allowfullscreen><\/iframe>\n<\/div><figcaption class=\"wp-element-caption\">Teaser Medea &#8211; Connesson &#8211; Avril 2024<\/figcaption><\/figure>\n<\/div>\n\n\n\n<div class=\"wp-block-column is-layout-flow wp-block-column-is-layout-flow\" style=\"flex-basis:66.66%\">\n<p>de <strong>Guillaume Connesson<\/strong>, avec <strong>Louis Rodde<\/strong>, <strong>Pierre Genisson<\/strong>, clarinette, <strong>Yoan Hereau<\/strong> piano . <strong>Sylvia Berg\u00e9<\/strong> de la Com\u00e9die fran\u00e7aise, \u00e0 la direction sc\u00e9nique. <\/p>\n\n\n\n<p>Spectacle en cr\u00e9ation a la Cit\u00e9 de la Voix &#8211; Vezelay, mars 2024.&nbsp;<\/p>\n<\/div>\n<\/div>\n","protected":false},"excerpt":{"rendered":"<p>Sahar Sahar est une cr\u00e9ation r\u00e9unissant les sopranos Karen Vourc&#8217;h et Dima Bawab, autour de David Venitucci, accord\u00e9on et Mohannad Nasser, Oud. Croisement entre Ravel, Monteverdi, Poulenc, Mendelsohn, Duparc et des chants traditionnels arabes et yiddish. Cr\u00e9ation en 2026. Schubert Ellington N\u00e9 d une amiti\u00e9 entre le pianiste de jazz Guillaume de Chassy, le clarinettiste Thomas Savy, et le violoncelliste Louis Rodde, ce programme m\u00eale &hellip;<\/p>\n","protected":false},"author":1,"featured_media":0,"parent":229,"menu_order":3,"comment_status":"closed","ping_status":"closed","template":"","meta":{"footnotes":""},"class_list":["post-350","page","type-page","status-publish","hentry"],"_links":{"self":[{"href":"https:\/\/karenvourch.com\/index.php\/wp-json\/wp\/v2\/pages\/350","targetHints":{"allow":["GET"]}}],"collection":[{"href":"https:\/\/karenvourch.com\/index.php\/wp-json\/wp\/v2\/pages"}],"about":[{"href":"https:\/\/karenvourch.com\/index.php\/wp-json\/wp\/v2\/types\/page"}],"author":[{"embeddable":true,"href":"https:\/\/karenvourch.com\/index.php\/wp-json\/wp\/v2\/users\/1"}],"replies":[{"embeddable":true,"href":"https:\/\/karenvourch.com\/index.php\/wp-json\/wp\/v2\/comments?post=350"}],"version-history":[{"count":11,"href":"https:\/\/karenvourch.com\/index.php\/wp-json\/wp\/v2\/pages\/350\/revisions"}],"predecessor-version":[{"id":559,"href":"https:\/\/karenvourch.com\/index.php\/wp-json\/wp\/v2\/pages\/350\/revisions\/559"}],"up":[{"embeddable":true,"href":"https:\/\/karenvourch.com\/index.php\/wp-json\/wp\/v2\/pages\/229"}],"wp:attachment":[{"href":"https:\/\/karenvourch.com\/index.php\/wp-json\/wp\/v2\/media?parent=350"}],"curies":[{"name":"wp","href":"https:\/\/api.w.org\/{rel}","templated":true}]}}