{"id":57,"date":"2023-10-16T14:07:44","date_gmt":"2023-10-16T12:07:44","guid":{"rendered":"https:\/\/karenvourch.com\/?page_id=57"},"modified":"2024-11-29T11:06:39","modified_gmt":"2024-11-29T10:06:39","slug":"press","status":"publish","type":"page","link":"https:\/\/karenvourch.com\/index.php\/page-d-exemple\/press\/","title":{"rendered":"Press"},"content":{"rendered":"\n<div class=\"wp-block-columns is-layout-flex wp-container-core-columns-is-layout-9d6595d7 wp-block-columns-is-layout-flex\">\n<div class=\"wp-block-column is-layout-flow wp-block-column-is-layout-flow\">\n<figure class=\"wp-block-pullquote\" style=\"font-size:17px\"><blockquote><p><strong>La M\u00e9lisande de Karen Vourc\u2019h est d\u2019une rigueur et d\u2019une modernit\u00e9 qui enflamment les sens.<\/strong><\/p><cite>&nbsp;LIBERATION<\/cite><\/blockquote><\/figure>\n<\/div>\n\n\n\n<div class=\"wp-block-column is-layout-flow wp-block-column-is-layout-flow\">\n<figure class=\"wp-block-pullquote\" style=\"font-size:16px\"><blockquote><p><strong>St\u00e9phane Braunschweig qui met l\u2019accent sur la sensualit\u00e9 de M\u00e9lisande, superbement incarn\u00e9e par le jeu ardent et le timbre net de Karen Vourc\u2019h<\/strong><\/p><cite>LE MONDE<\/cite><\/blockquote><\/figure>\n<\/div>\n<\/div>\n\n\n\n<blockquote class=\"wp-block-quote is-layout-flow wp-block-quote-is-layout-flow\">\n<p class=\"has-normal-font-size\">A ces atouts s&#8217;ajoute une carte ma\u00eetresse d\u00e9cisive : la distribution vocale (\u2026) La couronne en \u00e9choit \u00e0 Karen Vourc&#8217;h, Blanche de la Force \u00e0 la fois vuln\u00e9rable et farouche. Comme pour sa M\u00e9lisande, salle Favart, la jeune soprano impose cette dualit\u00e9, apanage des plus grandes : l&#8217;\u00e9vidence et le myst\u00e8re, le manifeste et l&#8217;insondable. On n&#8217;oubliera pas de sit\u00f4t son apparition finale : seule, debout parmi les carm\u00e9lites \u00e9tendues au sol comme des gisants, entonnant un <em>Veni creator<\/em> solaire, les bras en croix. Morte ? Non, transfigur\u00e9e. Changeant sa mort en aiguillon. En victoire. En assomption.<\/p>\n<cite>TELERAMA<\/cite><\/blockquote>\n\n\n\n<figure class=\"wp-block-pullquote\"><blockquote><p><strong>Une Blanche fonci\u00e8rement touchante et engag\u00e9e (\u2026)<\/strong><\/p><cite><em>LE FIGARO<\/em><\/cite><\/blockquote><\/figure>\n\n\n\n<div class=\"wp-block-columns is-layout-flex wp-container-core-columns-is-layout-9d6595d7 wp-block-columns-is-layout-flex\">\n<div class=\"wp-block-column is-layout-flow wp-block-column-is-layout-flow\">\n<blockquote class=\"wp-block-quote is-layout-flow wp-block-quote-is-layout-flow\">\n<p class=\"has-normal-font-size\">Des coups de c\u0153ur enfin pour la soprano Karen Vourc\u2019h et le trio Wanderer dans Chostakovitch et ses Sept Romances sur des po\u00e8mes d\u2019Alexandre Bloch. Voix exceptionnelle de contr\u00f4le de d\u2019\u00e9motion, le c\u0153ur au bord des l\u00e8vres Karen Vourc\u2019h est une tr\u00e8s grande interpr\u00e8te. Les musiciens du trio Wanderer mirent tout leur talent au service de cette sublime soprano.&nbsp; Folles Journ\u00e9es \/ Nantes&nbsp;<\/p>\n<cite><em><br><em>LA LETTRE DU MUSICIEN<\/em><\/em><\/cite><\/blockquote>\n<\/div>\n\n\n\n<div class=\"wp-block-column is-layout-flow wp-block-column-is-layout-flow\">\n<blockquote class=\"wp-block-quote is-layout-flow wp-block-quote-is-layout-flow\">\n<p class=\"has-normal-font-size\">Dans l&#8217;\u00e9crin de timbres cisel\u00e9 par le chef Cl\u00e9ment Mao-Takacs et son Secession Orchestra, l&#8217;aigu cristallin de Karen Vourc&#8217;h fait mouche. Emission concentr\u00e9e, articulation parfaite, les mots de la soprano lyrique, qui fut une M\u00e9lisande de r\u00eave sous la baguette de Gardiner, br\u00fblent comme de la glace avant de s&#8217;\u00e9teindre comme des braises. La Passion de Simone \/ K.Saariaho&nbsp;<\/p>\n<cite>LIBERATION<\/cite><\/blockquote>\n<\/div>\n\n\n\n<div class=\"wp-block-column is-layout-flow wp-block-column-is-layout-flow\">\n<blockquote class=\"wp-block-quote is-layout-flow wp-block-quote-is-layout-flow\">\n<p class=\"has-normal-font-size\">On aura rarement vu une M\u00e9lisande aussi \u00ab physique \u00bb que celle de Karen Vourc&#8217;h, sauvageonne court v\u00eatue, se cabrant de tout son dos dans un refus de son corps qui est sa mani\u00e8re \u00e0 elle de l&#8217;offrir \u2014 <em>\u00ab un oiseau pourchass\u00e9 et qui n&#8217;est pas d&#8217;ici \u00bb,<\/em> colombe ou \u00e9pervier, proie ou pr\u00e9datrice.<\/p>\n<cite>TELERAMA<\/cite><\/blockquote>\n<\/div>\n<\/div>\n\n\n\n<blockquote class=\"wp-block-quote is-layout-flow wp-block-quote-is-layout-flow\">\n<p><strong>Avec ce r\u00e9cital c\u2019\u00e9tait en tout cas plus simple que d\u2019ordinaire, la pr\u00e9sence de la soprano Karen Vourc\u2019h y \u00e9tant sans doute pour beaucoup. Magnifique chant, performance vocale, dans \u00ab&nbsp;Canto&nbsp;\u00bb, o\u00f9 elle \u00e9tait accompagn\u00e9e du clarinettiste Paul Meyer et du violoncelliste Anssi Karttunen&nbsp;; voix lumineuse sur \u00ab&nbsp;Wolken&nbsp;\u00bb o\u00f9 Vanessa Wagner la suivait au piano, Karen Vourc\u2019h est tout simplement divine.&nbsp;<\/strong><\/p>\n<cite><em>Canto et Wolken de Pascal Dusapin &#8211; Festival de Paques d\u2019Aix en Provence<\/em><\/cite><\/blockquote>\n\n\n\n<div style=\"height:27px\" aria-hidden=\"true\" class=\"wp-block-spacer\"><\/div>\n\n\n\n<div class=\"wp-block-columns is-layout-flex wp-container-core-columns-is-layout-9d6595d7 wp-block-columns-is-layout-flex\">\n<div class=\"wp-block-column is-layout-flow wp-block-column-is-layout-flow\">\n<p>Le jeu comme la voix de&nbsp;<strong>Karen Vourc\u2019h<\/strong>&nbsp;nous bouleversent. Dans tous les registres, du cri au chuchotement, elle trouve les couleurs, les intonations les plus justes. On connaissait ses go\u00fbts \u00e9clectiques. Toute l\u2019histoire du chant, les techniques contemporaines lui permettent de construire la vocalit\u00e9 d\u2019Estelle avec un naturel confondant. Nous Sommes Eternels \/ P.Bartholom\u00e9e<\/p>\n\n\n\n<blockquote class=\"wp-block-quote is-layout-flow wp-block-quote-is-layout-flow\">\n<p><\/p>\n<cite>FORUMOPERA<\/cite><\/blockquote>\n<\/div>\n\n\n\n<div class=\"wp-block-column is-layout-flow wp-block-column-is-layout-flow\">\n<p>En M\u00e9lisande, la jeune Karen Vourc&#8217;h est tout aussi extraordinaire, et s\u00e9duit par son timbre d&#8217;une magnifique clart\u00e9, m\u00eame si la voix s&#8217;est \u00e9toff\u00e9 depuis quelque temps. L&#8217;artiste poss\u00e8de surtout une rare intelligence musicale, et iI faut la voir investir l&#8217;h\u00e9ro\u00efne, successivement oiseau fragile, femme prostr\u00e9e, amante passionn\u00e9e ou, \u00e0 l&#8217;inverse, femme mutine voire manipulatrice.<\/p>\n\n\n\n<blockquote class=\"wp-block-quote is-layout-flow wp-block-quote-is-layout-flow\">\n<p><\/p>\n<cite>OPERA ON LINE<\/cite><\/blockquote>\n<\/div>\n<\/div>\n\n\n\n<blockquote class=\"wp-block-quote is-layout-flow wp-block-quote-is-layout-flow\">\n<p class=\"has-normal-font-size\">Karen Vourc\u2019h se montre ici \u00e0 la hauteur de nos attentes, r\u00e9alisant un tr\u00e8s beau moment de th\u00e9\u00e2tre. Au cours de la soir\u00e9e, la chanteuse semble adapter une partition, somme toute mall\u00e9able, \u00e0 sa propre sensibilit\u00e9. La voix d\u00e9ploie toute une gamme subtile de nuances (les plaintes \u00e9pousent le cri de douleur sans jamais \u00eatre hurl\u00e9es, les confidences&nbsp;mezza voce s\u2019av\u00e8rent d\u2019une exquise suavit\u00e9) et offre un chant parfaitement ma\u00eetris\u00e9. L\u2019\u00e9motion est constamment pr\u00e9sente, comme surgissant du plus profond d\u2019elle-m\u00eame. La cantatrice campe tr\u00e8s habilement son personnage&nbsp;: une femme s\u00e9duisante, jet\u00e9e au bord du gouffre par son amant, mais capable de masquer sa souffrance, de faire face avec \u00e9l\u00e9gance. Ni hyst\u00e9rie (il faut voir, dans ce registre, Anna Magnani se rouler par terre sous la cam\u00e9ra de Roberto Rossellini), ni mi\u00e8vrerie (le texte de Cocteau accuse quand m\u00eame de sacr\u00e9es rides). Cette femme \u00ab&nbsp;rompue&nbsp;\u00bb telle que Vourc\u2019h nous la restitue appartient \u00e0 toutes les \u00e9poques, \u00e0 toutes les douleurs, et symbolise toutes les s\u00e9parations. Voix Humaine &#8211; Orchestre de Lyon.&nbsp;<\/p>\n<cite><br>CLASSIQUE NEWS<\/cite><\/blockquote>\n\n\n\n<div class=\"wp-block-columns is-layout-flex wp-container-core-columns-is-layout-9d6595d7 wp-block-columns-is-layout-flex\">\n<div class=\"wp-block-column is-layout-flow wp-block-column-is-layout-flow\">\n<blockquote class=\"wp-block-quote is-layout-flow wp-block-quote-is-layout-flow\">\n<p class=\"has-normal-font-size\">Parmi quelque trois cents concerts, on pouvait y glaner de pr\u00e9cieux instants chambristes. Ainsi du <strong>Trio Wanderer,<\/strong> \u00e9clairant d&#8217;un jour neuf les <em>Sept romances sur des po\u00e8mes d&#8217;Alexander Blok<\/em> de Chostakovitch, un des plus magnifiques cycles vocaux du XXe si\u00e8cle (ici avec une remarquable <strong>Karen Vourc&#8217;h<\/strong>),<\/p>\n<cite>DIAPASON<\/cite><\/blockquote>\n<\/div>\n\n\n\n<div class=\"wp-block-column is-layout-flow wp-block-column-is-layout-flow\">\n<blockquote class=\"wp-block-quote is-layout-flow wp-block-quote-is-layout-flow\">\n<p class=\"has-normal-font-size\">Le r\u00e9cital commence par une s\u00e9rie de pi\u00e8ces de Grieg. La langue ne nous est pas famili\u00e8re, mais Karen Vourc\u2019h a le don de nous entra\u00eener compl\u00e8tement dans l\u2019univers de chaque musique, \u00e0 travers l\u2019expression et le ton qu\u2019elle y donne. Apr\u00e8s de telles interpr\u00e9tations, nous ne pouvions que nous incliner devant Karen Vourc\u2019h, d\u2019autant que sa voix, toujours tr\u00e8s pure,&nbsp; est d\u2019une qualit\u00e9 tr\u00e8s homog\u00e8ne, tant dans les tessitures m\u00e9diane qu\u2019aigu\u00eb, ce qui est extr\u00eamement agr\u00e9able \u00e0 \u00e9couter.<\/p>\n<cite><br>RESMUSICA<\/cite><\/blockquote>\n<\/div>\n<\/div>\n\n\n\n<div class=\"wp-block-columns is-layout-flex wp-container-core-columns-is-layout-9d6595d7 wp-block-columns-is-layout-flex\">\n<div class=\"wp-block-column is-layout-flow wp-block-column-is-layout-flow\">\n<blockquote class=\"wp-block-quote is-layout-flow wp-block-quote-is-layout-flow\">\n<p class=\"has-normal-font-size\"><strong>Karen Vourc\u2019h<\/strong>, famili\u00e8re du plus large r\u00e9pertoire, est une \u00e9mouvante Estelle. Pour ce r\u00f4le le plus \u00e9prouvant qui lui impose plus de deux heures de pr\u00e9sence sc\u00e9nique ininterrompue, elle impressionne par un engagement total, vocal et physique. Egal dans toute sa tessiture, puissant mais sachant se livrer \u00e0 la confidence, pudique comme passionn\u00e9, son chant nous touche autant que son jeu. Saluons sa prouesse. Nous sommes \u00e9ternels \/ P.Bartholom\u00e9e<\/p>\n<cite>CLASSIQUENEWS<\/cite><\/blockquote>\n<\/div>\n\n\n\n<div class=\"wp-block-column is-layout-flow wp-block-column-is-layout-flow\">\n<blockquote class=\"wp-block-quote is-layout-flow wp-block-quote-is-layout-flow\">\n<p class=\"has-normal-font-size\">L&#8217;autre motif d&#8217;enthousiasme est la distribution vocale.<br>A commencer par <strong>Karen Vour&#8217;ch<\/strong> qui, <strong>dans le r\u00f4le de Blanche de la Force<\/strong>, et apr\u00e8s avoir livr\u00e9 une <strong>bouleversante M\u00e9lisande<\/strong> \u00e0 Paris convainc par un chant d&#8217;une parfaite musicalit\u00e9 et un jeu habit\u00e9. D&#8217;une pr\u00e9sence faite autant de d\u00e9licatesse que de t\u00e9nacit\u00e9, le soprano fran\u00e7ais d\u00e9livre une \u00e9motion et une force int\u00e9rieure rares.<\/p>\n<cite><br>ANACLASE<\/cite><\/blockquote>\n<\/div>\n\n\n\n<div class=\"wp-block-column is-layout-flow wp-block-column-is-layout-flow\">\n<blockquote class=\"wp-block-quote is-layout-flow wp-block-quote-is-layout-flow\">\n<p class=\"has-normal-font-size\"><em>Last but not least<\/em>, une distribution \u00e0 la fois prestigieuse et idiomatique que Carsen lui-m\u00eame a avou\u00e9 \u00eatre la meilleure qu\u2019il ait jamais eue, et comportant trois prises de r\u00f4les majeures : Blanche, M\u00e8re Marie et Madame Lidoine.<br>Apr\u00e8s sa r\u00e9cente M\u00e9lisande \u00e0 l\u2019Op\u00e9ra Comique, <strong>Karen Vourc\u2019h<\/strong> s\u2019affirme comme une artiste de premier ordre. Sa Blanche investie et habit\u00e9e, d\u2019une musicalit\u00e9 parfaite, bouleverse la salle.<\/p>\n<cite><br><em>ALTAMUSICA<\/em><\/cite><\/blockquote>\n<\/div>\n<\/div>\n\n\n\n<div class=\"wp-block-columns is-layout-flex wp-container-core-columns-is-layout-9d6595d7 wp-block-columns-is-layout-flex\">\n<div class=\"wp-block-column is-layout-flow wp-block-column-is-layout-flow\">\n<div class=\"wp-block-cover is-light\" style=\"min-height:475px;aspect-ratio:unset;\"><span aria-hidden=\"true\" class=\"wp-block-cover__background has-background-dim-10 has-background-dim\"><\/span><img loading=\"lazy\" decoding=\"async\" width=\"486\" height=\"552\" class=\"wp-block-cover__image-background wp-image-412\" alt=\"\" src=\"http:\/\/karenvourch.com\/wp-content\/uploads\/2023\/11\/paris-match-Karen.jpg\" style=\"object-position:50% 50%\" data-object-fit=\"cover\" data-object-position=\"50% 50%\" srcset=\"https:\/\/karenvourch.com\/wp-content\/uploads\/2023\/11\/paris-match-Karen.jpg 486w, https:\/\/karenvourch.com\/wp-content\/uploads\/2023\/11\/paris-match-Karen-264x300.jpg 264w\" sizes=\"auto, (max-width: 486px) 100vw, 486px\" \/><div class=\"wp-block-cover__inner-container is-layout-constrained wp-block-cover-is-layout-constrained\">\n<p class=\"has-text-align-center has-large-font-size\"><a href=\"https:\/\/www.parismatch.com\/Culture\/Musique\/J-ai-quitte-la-physique-quantique-pour-l-opera-Par-Karen-Vourc-h-153411\">Paris Match<\/a><\/p>\n<\/div><\/div>\n<\/div>\n\n\n\n<div class=\"wp-block-column is-layout-flow wp-block-column-is-layout-flow\">\n<div class=\"wp-block-cover is-light\" style=\"min-height:474px;aspect-ratio:unset;\"><span aria-hidden=\"true\" class=\"wp-block-cover__background has-background-dim-10 has-background-dim\"><\/span><img loading=\"lazy\" decoding=\"async\" width=\"495\" height=\"566\" class=\"wp-block-cover__image-background wp-image-416\" alt=\"\" src=\"https:\/\/karenvourch.com\/wp-content\/uploads\/2023\/11\/forumopera-Karen.jpg\" data-object-fit=\"cover\" srcset=\"https:\/\/karenvourch.com\/wp-content\/uploads\/2023\/11\/forumopera-Karen.jpg 495w, https:\/\/karenvourch.com\/wp-content\/uploads\/2023\/11\/forumopera-Karen-262x300.jpg 262w\" sizes=\"auto, (max-width: 495px) 100vw, 495px\" \/><div class=\"wp-block-cover__inner-container is-layout-constrained wp-block-cover-is-layout-constrained\">\n<p><a href=\"https:\/\/www.forumopera.com\/questionnaire-de-proust-karen-vourch-mon-plus-grand-moment-de-grace-face-a-une-oeuvre-dart-les\/\">Questionnaire de Proust &#8211; Forum Opera<\/a><\/p>\n<\/div><\/div>\n<\/div>\n<\/div>\n\n\n\n<div class=\"wp-block-columns is-layout-flex wp-container-core-columns-is-layout-9d6595d7 wp-block-columns-is-layout-flex\">\n<div class=\"wp-block-column is-layout-flow wp-block-column-is-layout-flow\">\n<div class=\"wp-block-cover is-light\" style=\"min-height:494px;aspect-ratio:unset;\"><span aria-hidden=\"true\" class=\"wp-block-cover__background has-background-dim-10 has-background-dim\"><\/span><img loading=\"lazy\" decoding=\"async\" width=\"496\" height=\"597\" class=\"wp-block-cover__image-background wp-image-419\" alt=\"\" src=\"https:\/\/karenvourch.com\/wp-content\/uploads\/2023\/11\/Figaro-culture-karen.png\" data-object-fit=\"cover\" srcset=\"https:\/\/karenvourch.com\/wp-content\/uploads\/2023\/11\/Figaro-culture-karen.png 496w, https:\/\/karenvourch.com\/wp-content\/uploads\/2023\/11\/Figaro-culture-karen-249x300.png 249w\" sizes=\"auto, (max-width: 496px) 100vw, 496px\" \/><div class=\"wp-block-cover__inner-container is-layout-constrained wp-block-cover-is-layout-constrained\">\n<p><a href=\"https:\/\/www.lefigaro.fr\/musique\/2014\/02\/11\/03006-20140211ARTFIG00142-karen-vourc-h-melisande-c-est-moi.php\">Le Figaro<\/a><\/p>\n<\/div><\/div>\n<\/div>\n\n\n\n<div class=\"wp-block-column is-layout-flow wp-block-column-is-layout-flow\">\n<div class=\"wp-block-cover is-light\" style=\"min-height:504px;aspect-ratio:unset;\"><span aria-hidden=\"true\" class=\"wp-block-cover__background has-background-dim-10 has-background-dim\"><\/span><img loading=\"lazy\" decoding=\"async\" width=\"488\" height=\"595\" class=\"wp-block-cover__image-background wp-image-420\" alt=\"\" src=\"https:\/\/karenvourch.com\/wp-content\/uploads\/2023\/11\/Lepoint-Karen.png\" data-object-fit=\"cover\" srcset=\"https:\/\/karenvourch.com\/wp-content\/uploads\/2023\/11\/Lepoint-Karen.png 488w, https:\/\/karenvourch.com\/wp-content\/uploads\/2023\/11\/Lepoint-Karen-246x300.png 246w\" sizes=\"auto, (max-width: 488px) 100vw, 488px\" \/><div class=\"wp-block-cover__inner-container is-layout-constrained wp-block-cover-is-layout-constrained\">\n<p class=\"has-text-align-center has-large-font-size\"><\/p>\n\n\n\n<p><a href=\"https:\/\/www.lepoint.fr\/culture\/musique-karen-vourc-h-de-la-physique-quantique-a-l-opera-17-04-2013-1655915_3.php\">Le Point<\/a><\/p>\n<\/div><\/div>\n<\/div>\n<\/div>\n","protected":false},"excerpt":{"rendered":"<p>La M\u00e9lisande de Karen Vourc\u2019h est d\u2019une rigueur et d\u2019une modernit\u00e9 qui enflamment les sens. &nbsp;LIBERATION St\u00e9phane Braunschweig qui met l\u2019accent sur la sensualit\u00e9 de M\u00e9lisande, superbement incarn\u00e9e par le jeu ardent et le timbre net de Karen Vourc\u2019h LE MONDE A ces atouts s&#8217;ajoute une carte ma\u00eetresse d\u00e9cisive : la distribution vocale (\u2026) La couronne en \u00e9choit \u00e0 Karen Vourc&#8217;h, Blanche de la Force &hellip;<\/p>\n","protected":false},"author":1,"featured_media":0,"parent":2,"menu_order":4,"comment_status":"closed","ping_status":"closed","template":"","meta":{"footnotes":""},"class_list":["post-57","page","type-page","status-publish","hentry"],"_links":{"self":[{"href":"https:\/\/karenvourch.com\/index.php\/wp-json\/wp\/v2\/pages\/57","targetHints":{"allow":["GET"]}}],"collection":[{"href":"https:\/\/karenvourch.com\/index.php\/wp-json\/wp\/v2\/pages"}],"about":[{"href":"https:\/\/karenvourch.com\/index.php\/wp-json\/wp\/v2\/types\/page"}],"author":[{"embeddable":true,"href":"https:\/\/karenvourch.com\/index.php\/wp-json\/wp\/v2\/users\/1"}],"replies":[{"embeddable":true,"href":"https:\/\/karenvourch.com\/index.php\/wp-json\/wp\/v2\/comments?post=57"}],"version-history":[{"count":35,"href":"https:\/\/karenvourch.com\/index.php\/wp-json\/wp\/v2\/pages\/57\/revisions"}],"predecessor-version":[{"id":470,"href":"https:\/\/karenvourch.com\/index.php\/wp-json\/wp\/v2\/pages\/57\/revisions\/470"}],"up":[{"embeddable":true,"href":"https:\/\/karenvourch.com\/index.php\/wp-json\/wp\/v2\/pages\/2"}],"wp:attachment":[{"href":"https:\/\/karenvourch.com\/index.php\/wp-json\/wp\/v2\/media?parent=57"}],"curies":[{"name":"wp","href":"https:\/\/api.w.org\/{rel}","templated":true}]}}